{"id":54,"date":"2019-09-17T13:30:14","date_gmt":"2019-09-17T11:30:14","guid":{"rendered":"http:\/\/www.agenda2030.sbp.pl\/?page_id=54"},"modified":"2019-09-17T16:25:22","modified_gmt":"2019-09-17T14:25:22","slug":"agenda-2030","status":"publish","type":"page","link":"https:\/\/agenda2030.sbp.pl\/index.php\/agenda-2030\/","title":{"rendered":"Agenda 2030 ONZ"},"content":{"rendered":"<p>25 wrze\u015bnia 2015 roku pa\u0144stwa cz\u0142onkowskie Organizacji Narod\u00f3w Zjednoczonych (ONZ) przyj\u0119\u0142y plan ratowania \u015bwiata, czyli <a href=\"http:\/\/www.un.org.pl\/agenda-2030-rezolucja\">Agend\u0119 na rzecz zr\u00f3wnowa\u017conego rozwoju 2030<\/a>. Zawiera ona <a href=\"http:\/\/www.un.org.pl\/\">17 cel\u00f3w g\u0142\u00f3wnych<\/a> i 169 powi\u0105zanych z nimi zada\u0144 dotycz\u0105cych pi\u0119ciu obszar\u00f3w dzia\u0142ania: ludzie, planeta, dobrobyt, pok\u00f3j i partnerstwo.<\/p>\n<p style=\"text-align: left;\">Wyzwania zawarte w dokumencie ONZ, nad jakimi pracuje ca\u0142y \u015bwiat do 2030 roku, obejmuj\u0105 m.in.: ub\u00f3stwo, g\u0142\u00f3d, zdrowie, edukacj\u0119, r\u00f3wno\u015b\u0107 p\u0142ci, zmiany klimatu, zr\u00f3wnowa\u017cony rozw\u00f3j, pok\u00f3j oraz sprawiedliwo\u015b\u0107 spo\u0142eczn\u0105.<\/p>\n<p style=\"text-align: left;\">Zgodnie z za\u0142o\u017ceniami uzgodnionymi podczas Szczytu ONZ w Nowym Jorku, cele znajd\u0105 swoje prze\u0142o\u017cenie w dzia\u0142aniach krajowych i na poziomie regionalnym, uwzgl\u0119dniaj\u0105cych lokalne uwarunkowania. Polska aktywnie w\u0142\u0105czy\u0142a si\u0119 w realizacj\u0119 Agendy 2030 ONZ. W 2017 roku rz\u0105d polski przyj\u0105\u0142 <a href=\"https:\/\/www.miir.gov.pl\/media\/48672\/SOR.pdf\">Strategi\u0119 na rzecz Odpowiedzialnego Rozwoju<\/a> okre\u015blaj\u0105c\u0105 model rozwoju odpowiedzialnego i spo\u0142ecznie oraz terytorialnie zr\u00f3wnowa\u017conego. O\u015brodek Informacji ONZ w Warszawie wspiera merytorycznie realizacj\u0119 Cel\u00f3w Zr\u00f3wnowa\u017conego Rozwoju i promuje instytucje, kt\u00f3re podj\u0119\u0142y si\u0119 wsp\u00f3\u0142pracy w ramach wype\u0142niania postanowie\u0144 Agendy 2030.<a href=\"http:\/\/www.unic.un.org.pl\/files\/164\/Agenda%202030_pl_2016_ostateczna.pdf\"><img loading=\"lazy\" decoding=\"async\" class=\"aligncenter wp-image-116 size-full\" src=\"http:\/\/www.agenda2030.sbp.pl\/wp-content\/uploads\/2019\/09\/agenda_onz_rezolucja.png\" alt=\"\" width=\"850\" height=\"1100\" srcset=\"https:\/\/agenda2030.sbp.pl\/wp-content\/uploads\/2019\/09\/agenda_onz_rezolucja.png 850w, https:\/\/agenda2030.sbp.pl\/wp-content\/uploads\/2019\/09\/agenda_onz_rezolucja-232x300.png 232w, https:\/\/agenda2030.sbp.pl\/wp-content\/uploads\/2019\/09\/agenda_onz_rezolucja-768x994.png 768w, https:\/\/agenda2030.sbp.pl\/wp-content\/uploads\/2019\/09\/agenda_onz_rezolucja-791x1024.png 791w\" sizes=\"auto, (max-width: 850px) 100vw, 850px\" \/><\/a><\/p>\n<p style=\"text-align: center;\"><a href=\"http:\/\/www.unic.un.org.pl\/files\/164\/Agenda%202030_pl_2016_ostateczna.pdf\" target=\"_blank\" rel=\"noopener noreferrer\"><strong>&gt;&gt; Agenda 2030 &#8211; ca\u0142y dokument &lt;&lt;<\/strong><\/a><\/p>\n","protected":false},"excerpt":{"rendered":"<p>25 wrze\u015bnia 2015 roku pa\u0144stwa cz\u0142onkowskie Organizacji Narod\u00f3w Zjednoczonych (ONZ) przyj\u0119\u0142y plan ratowania \u015bwiata, czyli Agend\u0119 na rzecz zr\u00f3wnowa\u017conego rozwoju 2030. Zawiera ona 17 cel\u00f3w g\u0142\u00f3wnych i 169 powi\u0105zanych z nimi zada\u0144 dotycz\u0105cych pi\u0119ciu obszar\u00f3w dzia\u0142ania: ludzie, planeta, dobrobyt, pok\u00f3j i partnerstwo. Wyzwania zawarte w dokumencie ONZ, nad jakimi pracuje ca\u0142y \u015bwiat do 2030 roku,<a class=\"moretag\" href=\"https:\/\/agenda2030.sbp.pl\/index.php\/agenda-2030\/\"><span class=\"screen-reader-text\">Wi\u0119cej oAgenda 2030 ONZ<\/span>[&#8230;]<\/a><\/p>\n","protected":false},"author":2,"featured_media":0,"parent":0,"menu_order":0,"comment_status":"closed","ping_status":"closed","template":"template-fullwidth.php","meta":{"footnotes":""},"class_list":["post-54","page","type-page","status-publish","hentry"],"_links":{"self":[{"href":"https:\/\/agenda2030.sbp.pl\/index.php\/wp-json\/wp\/v2\/pages\/54","targetHints":{"allow":["GET"]}}],"collection":[{"href":"https:\/\/agenda2030.sbp.pl\/index.php\/wp-json\/wp\/v2\/pages"}],"about":[{"href":"https:\/\/agenda2030.sbp.pl\/index.php\/wp-json\/wp\/v2\/types\/page"}],"author":[{"embeddable":true,"href":"https:\/\/agenda2030.sbp.pl\/index.php\/wp-json\/wp\/v2\/users\/2"}],"replies":[{"embeddable":true,"href":"https:\/\/agenda2030.sbp.pl\/index.php\/wp-json\/wp\/v2\/comments?post=54"}],"version-history":[{"count":8,"href":"https:\/\/agenda2030.sbp.pl\/index.php\/wp-json\/wp\/v2\/pages\/54\/revisions"}],"predecessor-version":[{"id":138,"href":"https:\/\/agenda2030.sbp.pl\/index.php\/wp-json\/wp\/v2\/pages\/54\/revisions\/138"}],"wp:attachment":[{"href":"https:\/\/agenda2030.sbp.pl\/index.php\/wp-json\/wp\/v2\/media?parent=54"}],"curies":[{"name":"wp","href":"https:\/\/api.w.org\/{rel}","templated":true}]}}