{"id":141,"date":"2019-09-18T07:10:18","date_gmt":"2019-09-18T05:10:18","guid":{"rendered":"http:\/\/www.agenda2030.sbp.pl\/?page_id=141"},"modified":"2019-09-18T08:34:07","modified_gmt":"2019-09-18T06:34:07","slug":"biblioteki-na-rzecz-realizacji-agendy-2030-onz","status":"publish","type":"page","link":"https:\/\/agenda2030.sbp.pl\/index.php\/biblioteki-na-rzecz-realizacji-agendy-2030-onz\/","title":{"rendered":"Biblioteki na rzecz realizacji Agendy 2030 ONZ"},"content":{"rendered":"<p><b>Biblioteki mog\u0105 promowa\u0107 Cele Zr\u00f3wnowa\u017conego Rozwoju poprzez:<\/b><\/p>\n<ul>\n<li>realizacj\u0119 z instytucjami, organizacjami pozarz\u0105dowymi i szko\u0142ami w regionie wsp\u00f3lnych dzia\u0142a\u0144 promuj\u0105cych Cele Zr\u00f3wnowa\u017conego Rozwoju;<\/li>\n<li>zamieszczanie informacji o promowaniu Cel\u00f3w przez biblioteki publiczne na stronach internetowych;<\/li>\n<li>podkre\u015blanie w materia\u0142ach promocyjnych znaczenie konkretnych Cel\u00f3w Zr\u00f3wnowa\u017conego Rozwoju i publikowaniu ich ikon;<\/li>\n<li>dzielenie si\u0119 dobrymi praktykami i relacjami z wydarze\u0144 upowszechniaj\u0105cych Cele Zr\u00f3wnowa\u017conego Rozwoju;<\/li>\n<li>rozpowszechnianiu ulotki <a href=\"http:\/\/www.sbp.pl\/repository\/newsy\/Folder-PL.pdf\">Biblioteki na rzecz Agendy 2030 ONZ<\/a> w\u015br\u00f3d czytelnik\u00f3w.<\/li>\n<\/ul>\n<hr \/>\n<h2>Cel 1 : <a href=\"http:\/\/www.un.org.pl\/cel1\" target=\"_blank\" rel=\"noopener noreferrer\">Wyeliminowa\u0107 ub\u00f3stwo we wszystkich jego formach na ca\u0142ym \u015bwiecie<\/a><\/h2>\n\n<table id=\"tablepress-1\" class=\"tablepress tablepress-id-1\">\n<tbody class=\"row-striping row-hover\">\n<tr class=\"row-1\">\n\t<td class=\"column-1\"><img loading=\"lazy\" decoding=\"async\" src=\"http:\/\/www.agenda2030.sbp.pl\/wp-content\/uploads\/2019\/09\/1-150x150.png\" alt=\"\" width=\"150\" height=\"150\" class=\"alignnone size-thumbnail wp-image-144\" srcset=\"https:\/\/agenda2030.sbp.pl\/wp-content\/uploads\/2019\/09\/1-150x150.png 150w, https:\/\/agenda2030.sbp.pl\/wp-content\/uploads\/2019\/09\/1-300x300.png 300w, https:\/\/agenda2030.sbp.pl\/wp-content\/uploads\/2019\/09\/1.png 591w\" sizes=\"auto, (max-width: 150px) 100vw, 150px\" \/><\/td><td class=\"column-2\"><b>Biblioteki wspieraj\u0105 ten cel poprzez<\/b>:<br \/>\n<ul><li>Udost\u0119pnianie wynik\u00f3w bada\u0144 oraz danych dotycz\u0105cych metod zwi\u0119kszania wydajno\u015bci i zr\u00f3wnowa\u017conego rozwoju upraw rolnych<\/li><li>Publiczny dost\u0119p dla rolnik\u00f3w i hodowc\u00f3w do elektronicznych \u017ar\u00f3de\u0142 informacji zawieraj\u0105cych, np. lokalne ceny rynkowe, prognozy pogody, informacje o nowych \u015brodkach produkcji<\/li><\/ul><\/td>\n<\/tr>\n<\/tbody>\n<\/table>\n<!-- #tablepress-1 from cache -->\n<h2>Cel 2: <a href=\"http:\/\/www.un.org.pl\/cel2\" target=\"_blank\" rel=\"noopener noreferrer\">Wyeliminowa\u0107 g\u0142\u00f3d, osi\u0105gn\u0105\u0107 bezpiecze\u0144stwo \u017cywno\u015bciowe i\u00a0lepsze od\u017cywianie oraz promowa\u0107 zr\u00f3wnowa\u017cone rolnictwo<\/a><\/h2>\n\n<table id=\"tablepress-2\" class=\"tablepress tablepress-id-2\">\n<tbody class=\"row-striping row-hover\">\n<tr class=\"row-1\">\n\t<td class=\"column-1\"><img loading=\"lazy\" decoding=\"async\" src=\"http:\/\/www.agenda2030.sbp.pl\/wp-content\/uploads\/2019\/09\/2-150x150.png\" alt=\"\" width=\"150\" height=\"150\" class=\"alignnone size-thumbnail wp-image-144\" \/><\/td><td class=\"column-2\"><b>Biblioteki wspieraj\u0105 ten cel poprzez<\/b>:<br \/>\n<ul><li>Udost\u0119pnianie wynik\u00f3w bada\u0144 oraz danych dotycz\u0105cych metod zwi\u0119kszania wydajno\u015bci i zr\u00f3wnowa\u017conego rozwoju upraw rolnych<\/li><li>Publiczny dost\u0119p dla rolnik\u00f3w i hodowc\u00f3w do elektronicznych \u017ar\u00f3de\u0142 informacji zawieraj\u0105cych, np. lokalne ceny rynkowe, prognozy pogody, informacje o nowych \u015brodkach produkcji<\/li><\/ul><\/td>\n<\/tr>\n<\/tbody>\n<\/table>\n<!-- #tablepress-2 from cache -->\n<h2>Cel 3: <a href=\"http:\/\/www.un.org.pl\/cel3\" target=\"_blank\" rel=\"noopener noreferrer\">Zapewni\u0107 wszystkim ludziom w ka\u017cdym wieku zdrowe \u017cycie oraz promowa\u0107 dobrobyt<\/a><\/h2>\n\n<table id=\"tablepress-3\" class=\"tablepress tablepress-id-3\">\n<tbody class=\"row-striping row-hover\">\n<tr class=\"row-1\">\n\t<td class=\"column-1\"><img loading=\"lazy\" decoding=\"async\" src=\"http:\/\/www.agenda2030.sbp.pl\/wp-content\/uploads\/2019\/09\/3-150x150.png\" alt=\"\" width=\"150\" height=\"150\" class=\"alignnone size-thumbnail wp-image-164\" srcset=\"https:\/\/agenda2030.sbp.pl\/wp-content\/uploads\/2019\/09\/3-150x150.png 150w, https:\/\/agenda2030.sbp.pl\/wp-content\/uploads\/2019\/09\/3-300x300.png 300w, https:\/\/agenda2030.sbp.pl\/wp-content\/uploads\/2019\/09\/3.png 591w\" sizes=\"auto, (max-width: 150px) 100vw, 150px\" \/><\/td><td class=\"column-2\"><b>Biblioteki wspieraj\u0105 ten cel poprzez<\/b>:<br \/>\n<ul><li>Udost\u0119pnianie w medycznych i szpitalnych bibliotekach wynik\u00f3w bada\u0144, wspieraj\u0105cych edukacj\u0119 oraz popraw\u0119 praktyki lekarskiej w instytucjach opieki zdrowotne<\/li><li>Otwarty dost\u0119p w bibliotekach publicznych do informacji o profilaktyce zdrowotnej, pomagaj\u0105cych dba\u0107 o zdrowie jednostkom i rodzinom<\/li><\/ul><\/td>\n<\/tr>\n<\/tbody>\n<\/table>\n<!-- #tablepress-3 from cache -->\n<h2>Cel 4: <a href=\"http:\/\/www.un.org.pl\/cel4\" target=\"_blank\" rel=\"noopener noreferrer\">Zapewni\u0107 wszystkim edukacj\u0119 wysokiej jako\u015bci oraz promowa\u0107 uczenie si\u0119 przez ca\u0142e \u017cycie<\/a><\/h2>\n\n<table id=\"tablepress-4\" class=\"tablepress tablepress-id-4\">\n<tbody class=\"row-striping row-hover\">\n<tr class=\"row-1\">\n\t<td class=\"column-1\"><img loading=\"lazy\" decoding=\"async\" src=\"http:\/\/www.agenda2030.sbp.pl\/wp-content\/uploads\/2019\/09\/4-150x150.png\" alt=\"\" width=\"150\" height=\"150\" class=\"alignnone size-thumbnail wp-image-144\" \/><\/td><td class=\"column-2\"><b>Biblioteki wspieraj\u0105 ten cel poprzez:<\/b><br \/>\n<ul><li>Wyspecjalizowanych pracownik\u00f3w, kt\u00f3rzy wspieraj\u0105 wczesn\u0105 nauk\u0119 czytania i pisania oraz uczenie si\u0119 przez ca\u0142e \u017cycie<\/li><li>Dost\u0119p do informacji i bada\u0144 naukowych dla student\u00f3w w ka\u017cdym miejscu<\/li><li>Otwarte dla wszystkich przestrzenie, gdzie koszty nie stanowi\u0105 bariery w dost\u0119pie do nowej wiedzy i umiej\u0119tno\u015bci<\/li><\/ul><br \/>\n<\/td>\n<\/tr>\n<\/tbody>\n<\/table>\n<!-- #tablepress-4 from cache -->\n<h2>Cel 5: <a href=\"http:\/\/www.un.org.pl\/cel5\" target=\"_blank\" rel=\"noopener noreferrer\">Osi\u0105gn\u0105\u0107 r\u00f3wno\u015b\u0107 p\u0142ci oraz wzmocni\u0107 pozycj\u0119 kobiet i dziewcz\u0105t<\/a><\/h2>\n\n<table id=\"tablepress-5\" class=\"tablepress tablepress-id-5\">\n<tbody class=\"row-striping row-hover\">\n<tr class=\"row-1\">\n\t<td class=\"column-1\"><img loading=\"lazy\" decoding=\"async\" src=\"http:\/\/www.agenda2030.sbp.pl\/wp-content\/uploads\/2019\/09\/5-150x150.png\" alt=\"\" width=\"150\" height=\"150\" class=\"alignnone size-thumbnail wp-image-144\" \/><\/td><td class=\"column-2\"><b>Biblioteki wspieraj\u0105 ten cel poprzez:<\/b><br \/>\n<ul><li>Bezpieczne i przyjazne miejsca spotka\u0144<\/li><li>Programy i us\u0142ugi odpowiadaj\u0105ce potrzebom kobiet i dziewcz\u0105t, np. ich prawa i zdrowie<\/li><li>Dost\u0119p do informacji i technologii komputerowych pomagaj\u0105cych kobietom rozwija\u0107 umiej\u0119tno\u015bci biznesowe<\/li><\/ul><\/td>\n<\/tr>\n<\/tbody>\n<\/table>\n<!-- #tablepress-5 from cache -->\n<h2>Cel 6: <a href=\"http:\/\/www.un.org.pl\/cel6\" target=\"_blank\" rel=\"noopener noreferrer\">Zapewni\u0107 wszystkim ludziom dost\u0119p do wody i warunk\u00f3w sanitarnych poprzez zr\u00f3wnowa\u017con\u0105 gospodark\u0119 zasobami wodnymi<\/a><\/h2>\n\n<table id=\"tablepress-6\" class=\"tablepress tablepress-id-6\">\n<tbody class=\"row-striping row-hover\">\n<tr class=\"row-1\">\n\t<td class=\"column-1\"><img loading=\"lazy\" decoding=\"async\" src=\"http:\/\/www.agenda2030.sbp.pl\/wp-content\/uploads\/2019\/09\/6-150x150.png\" alt=\"\" width=\"150\" height=\"150\" class=\"alignnone size-thumbnail wp-image-169\" srcset=\"https:\/\/agenda2030.sbp.pl\/wp-content\/uploads\/2019\/09\/6-150x150.png 150w, https:\/\/agenda2030.sbp.pl\/wp-content\/uploads\/2019\/09\/6-300x300.png 300w, https:\/\/agenda2030.sbp.pl\/wp-content\/uploads\/2019\/09\/6.png 591w\" sizes=\"auto, (max-width: 150px) 100vw, 150px\" \/><\/td><td class=\"column-2\"><b>Biblioteki wspieraj\u0105 ten cel poprzez<\/b>:<br \/>\n<ul><li>Dost\u0119p do wiarygodnej informacji i dobrych praktyk wspieraj\u0105cych gospodarowanie lokalnymi zasobami wodnymi i infrastruktur\u0105 sanitarn\u0105<\/li><li>Wolny i niezawodny dost\u0119p do elektryczno\u015bci i \u015bwiat\u0142a niezb\u0119dny do czytania, nauki oraz pracy<\/li><\/ul><\/td>\n<\/tr>\n<\/tbody>\n<\/table>\n<!-- #tablepress-6 from cache -->\n<h2>Cel 7: <a href=\"http:\/\/www.un.org.pl\/cel7\" target=\"_blank\" rel=\"noopener noreferrer\">Zapewni\u0107 wszystkim dost\u0119p do \u017ar\u00f3de\u0142 stabilnej, zr\u00f3wnowa\u017conej i nowoczesnej energii po przyst\u0119pnej cenie<\/a><\/h2>\n\n<table id=\"tablepress-7\" class=\"tablepress tablepress-id-7\">\n<tbody class=\"row-striping row-hover\">\n<tr class=\"row-1\">\n\t<td class=\"column-1\"><img loading=\"lazy\" decoding=\"async\" src=\"http:\/\/www.agenda2030.sbp.pl\/wp-content\/uploads\/2019\/09\/7-150x150.png\" alt=\"\" width=\"150\" height=\"150\" class=\"alignnone size-thumbnail wp-image-170\" srcset=\"https:\/\/agenda2030.sbp.pl\/wp-content\/uploads\/2019\/09\/7-150x150.png 150w, https:\/\/agenda2030.sbp.pl\/wp-content\/uploads\/2019\/09\/7-300x300.png 300w, https:\/\/agenda2030.sbp.pl\/wp-content\/uploads\/2019\/09\/7.png 591w\" sizes=\"auto, (max-width: 150px) 100vw, 150px\" \/><\/td><td class=\"column-2\"><b>Biblioteki wspieraj\u0105 ten cel poprzez<\/b>:<br \/>\n<ul> <li>Dost\u0119p do wiarygodnej informacji i dobrych praktyk wspieraj\u0105cych gospodarowanie lokalnymi zasobami wodnymi i infrastruktur\u0105 sanitarn\u0105<\/li><li>Wolny i niezawodny dost\u0119p do elektryczno\u015bci i \u015bwiat\u0142a niezb\u0119dny do czytania, nauki oraz pracy<\/li> <\/ul><\/td>\n<\/tr>\n<\/tbody>\n<\/table>\n<!-- #tablepress-7 from cache -->\n<h2>Cel 8: <a href=\"http:\/\/www.un.org.pl\/cel8\" target=\"_blank\" rel=\"noopener noreferrer\">Promowa\u0107 stabilny, zr\u00f3wnowa\u017cony i inkluzywny wzrost gospodarczy, pe\u0142ne i produktywne zatrudnienie oraz godn\u0105 prac\u0119 dla wszystkich ludzi<\/a><\/h2>\n\n<table id=\"tablepress-8\" class=\"tablepress tablepress-id-8\">\n<tbody class=\"row-striping row-hover\">\n<tr class=\"row-1\">\n\t<td class=\"column-1\"><img loading=\"lazy\" decoding=\"async\" src=\"http:\/\/www.agenda2030.sbp.pl\/wp-content\/uploads\/2019\/09\/8-150x150.png\" alt=\"\" width=\"150\" height=\"150\" class=\"alignnone size-thumbnail wp-image-170\" \/><\/td><td class=\"column-2\"><b>Biblioteki wspieraj\u0105 ten cel poprzez<\/b>:<br \/>\n<ul> <li>Dost\u0119p do informacji i szkole\u0144 podnosz\u0105cych kompetencje potrzebne do znalezienia pracy, ubiegania si\u0119 o ni\u0105 oraz osi\u0105gni\u0119cia sukcesu zawodowego<\/li> <\/ul><\/td>\n<\/tr>\n<\/tbody>\n<\/table>\n<!-- #tablepress-8 from cache -->\n<h2>Cel 9: <a href=\"http:\/\/www.un.org.pl\/cel9\" target=\"_blank\" rel=\"noopener noreferrer\">Budowa\u0107 stabiln\u0105 infrastruktur\u0119, promowa\u0107 zr\u00f3wnowa\u017cone uprzemys\u0142owienie oraz wspiera\u0107 innowacyjno\u015b\u0107<\/a><\/h2>\n\n<table id=\"tablepress-9\" class=\"tablepress tablepress-id-9\">\n<tbody class=\"row-striping row-hover\">\n<tr class=\"row-1\">\n\t<td class=\"column-1\"><img loading=\"lazy\" decoding=\"async\" src=\"http:\/\/www.agenda2030.sbp.pl\/wp-content\/uploads\/2019\/09\/9-150x150.png\" alt=\"\" width=\"150\" height=\"150\" class=\"alignnone size-thumbnail wp-image-170\" \/><\/td><td class=\"column-2\"><b>Biblioteki wspieraj\u0105 ten cel poprzez<\/b>:<br \/>\n<ul> <li>Istniej\u0105c\u0105 rozleg\u0142\u0105 infrastruktur\u0119 bibliotek publicznych i naukowych oraz wykwalifikowanych pracownik\u00f3w bibliotek<\/li><li>Przyjazne i integracyjne przestrzenie publicznie dost\u0119pne<\/li><li>Dost\u0119p do technologii informacyjno-komunikacyjnych, np. szybki Internet, kt\u00f3ry mo\u017ce nie by\u0107 jeszcze wsz\u0119dzie dost\u0119pny<\/li><\/ul><\/td>\n<\/tr>\n<\/tbody>\n<\/table>\n<!-- #tablepress-9 from cache -->\n<h2>Cel 10: <a href=\"http:\/\/www.un.org.pl\/cel10\" target=\"_blank\" rel=\"noopener noreferrer\">Zmniejszy\u0107 nier\u00f3wno\u015bci w krajach i mi\u0119dzy krajami<\/a><\/h2>\n\n<table id=\"tablepress-10\" class=\"tablepress tablepress-id-10\">\n<tbody class=\"row-striping row-hover\">\n<tr class=\"row-1\">\n\t<td class=\"column-1\"><img loading=\"lazy\" decoding=\"async\" src=\"http:\/\/www.agenda2030.sbp.pl\/wp-content\/uploads\/2019\/09\/10-cel-150x150.png\" alt=\"\" width=\"150\" height=\"150\" class=\"alignnone size-thumbnail wp-image-173\" srcset=\"https:\/\/agenda2030.sbp.pl\/wp-content\/uploads\/2019\/09\/10-cel-150x150.png 150w, https:\/\/agenda2030.sbp.pl\/wp-content\/uploads\/2019\/09\/10-cel-300x300.png 300w, https:\/\/agenda2030.sbp.pl\/wp-content\/uploads\/2019\/09\/10-cel-768x768.png 768w, https:\/\/agenda2030.sbp.pl\/wp-content\/uploads\/2019\/09\/10-cel-1024x1024.png 1024w, https:\/\/agenda2030.sbp.pl\/wp-content\/uploads\/2019\/09\/10-cel.png 1772w\" sizes=\"auto, (max-width: 150px) 100vw, 150px\" \/><\/td><td class=\"column-2\"><b>Biblioteki wspieraj\u0105 ten cel poprzez<\/b>:<br \/>\n<ul><li>Neutraln\u0105 i przyjazn\u0105 przestrze\u0144, kt\u00f3ra umo\u017cliwia dost\u0119p do wiedzy wszystkim ludziom, w tym grupom zagro\u017conym wykluczeniem  spo\u0142ecznym: imigrantom, uchod\u017acom, mniejszo\u015bciom, rdzennej ludno\u015bci oraz osobom niepe\u0142nosprawnym<\/li><li>R\u00f3wny dost\u0119p do informacji wspieraj\u0105cej spo\u0142eczn\u0105, polityczn\u0105 i ekonomiczn\u0105 integracj\u0119<\/li><\/ul><\/td>\n<\/tr>\n<\/tbody>\n<\/table>\n<!-- #tablepress-10 from cache -->\n<h2>Cel 11: <a href=\"http:\/\/www.un.org.pl\/cel11\" target=\"_blank\" rel=\"noopener noreferrer\">Uczyni\u0107 miasta i osiedla ludzkie bezpiecznymi, stabilnymi, zr\u00f3wnowa\u017conymi oraz sprzyjaj\u0105cymi w\u0142\u0105czeniu spo\u0142ecznemu<\/a><\/h2>\n\n<table id=\"tablepress-11\" class=\"tablepress tablepress-id-11\">\n<tbody class=\"row-striping row-hover\">\n<tr class=\"row-1\">\n\t<td class=\"column-1\"><img loading=\"lazy\" decoding=\"async\" src=\"http:\/\/www.agenda2030.sbp.pl\/wp-content\/uploads\/2019\/09\/11-150x150.png\" alt=\"\" width=\"150\" height=\"150\" class=\"alignnone size-thumbnail wp-image-170\" \/><\/td><td class=\"column-2\"><b>Biblioteki wspieraj\u0105 ten cel poprzez<\/b>:<br \/>\n<ul><li>Swoj\u0105 misj\u0119 godnych zaufania instytucji dzia\u0142aj\u0105cych na rzecz promocji kulturowego w\u0142\u0105czenia oraz wzajemnego porozumienia<\/li><li>Dokumentacj\u0119 i ochron\u0119 dziedzictwa kulturowego dla przysz\u0142ych pokole\u0144<\/li><\/ul><\/td>\n<\/tr>\n<\/tbody>\n<\/table>\n<!-- #tablepress-11 from cache -->\n<h2>Cel 12: <a href=\"http:\/\/www.un.org.pl\/cel12\" target=\"_blank\" rel=\"noopener noreferrer\">Zapewni\u0107 wzorce zr\u00f3wnowa\u017conej konsumpcji i produkcji<\/a><\/h2>\n\n<table id=\"tablepress-12\" class=\"tablepress tablepress-id-12\">\n<tbody class=\"row-striping row-hover\">\n<tr class=\"row-1\">\n\t<td class=\"column-1\"><img loading=\"lazy\" decoding=\"async\" src=\"http:\/\/www.agenda2030.sbp.pl\/wp-content\/uploads\/2019\/09\/12-150x150.png\" alt=\"\" width=\"150\" height=\"150\" class=\"alignnone size-thumbnail wp-image-170\" \/><\/td><td class=\"column-2\"><b>Biblioteki wspieraj\u0105 ten cel poprzez<\/b>:<br \/>\n<ul><li>Promowanie trwa\u0142ego systemu wymiany i obiegu materia\u0142\u00f3w, kt\u00f3ry ogranicza marnotrawienie<\/li><li>Dost\u0119p do \u017ar\u00f3de\u0142 historycznych o zmianach obszar\u00f3w przybrze\u017cnych i u\u017cytkowania ziemi<\/li><li>Dost\u0119p do bada\u0144 naukowych i danych potrzebnych do informowania o polityce zmian klimatycznych<\/li><li>Powszechny dost\u0119p do informacji niezb\u0119dnych do podejmowania decyzji przez samorz\u0105dy lokalne i rz\u0105dy krajowe dotycz\u0105cych takich temat\u00f3w  jak \u0142owiectwo, rybo\u0142\u00f3wstwo, u\u017cytkowanie ziemi oraz zarz\u0105dzanie  zasobami wodnymi<\/li><\/ul><\/td>\n<\/tr>\n<\/tbody>\n<\/table>\n<!-- #tablepress-12 from cache -->\n<h2>Cel 13: <a href=\"http:\/\/www.un.org.pl\/cel13\" target=\"_blank\" rel=\"noopener noreferrer\">Podj\u0105\u0107 pilne dzia\u0142ania w celu przeciwdzia\u0142ania zmianom klimatu i ich skutkom<\/a><\/h2>\n\n<table id=\"tablepress-13\" class=\"tablepress tablepress-id-13\">\n<tbody class=\"row-striping row-hover\">\n<tr class=\"row-1\">\n\t<td class=\"column-1\"><img loading=\"lazy\" decoding=\"async\" src=\"http:\/\/www.agenda2030.sbp.pl\/wp-content\/uploads\/2019\/09\/13-150x150.png\" alt=\"\" width=\"150\" height=\"150\" class=\"alignnone size-thumbnail wp-image-170\" \/><\/td><td class=\"column-2\"><b>Biblioteki wspieraj\u0105 ten cel poprzez<\/b>:<br \/>\n<ul><li>Promowanie trwa\u0142ego systemu wymiany i obiegu materia\u0142\u00f3w, kt\u00f3ry ogranicza marnotrawienie<\/li><li>Dost\u0119p do \u017ar\u00f3de\u0142 historycznych o zmianach obszar\u00f3w przybrze\u017cnych i u\u017cytkowania ziemi<\/li><li>Dost\u0119p do bada\u0144 naukowych i danych potrzebnych do informowania o polityce zmian klimatycznych<\/li><li>Powszechny dost\u0119p do informacji niezb\u0119dnych do podejmowania decyzji przez samorz\u0105dy lokalne i rz\u0105dy krajowe dotycz\u0105cych takich temat\u00f3w  jak \u0142owiectwo, rybo\u0142\u00f3wstwo, u\u017cytkowanie ziemi oraz zarz\u0105dzanie  zasobami wodnymi<\/li><\/ul><\/td>\n<\/tr>\n<\/tbody>\n<\/table>\n<!-- #tablepress-13 from cache -->\n<h2>Cel 14: <a href=\"http:\/\/www.un.org.pl\/cel14\" target=\"_blank\" rel=\"noopener noreferrer\">Chroni\u0107 oceany, morza i zasoby morskie oraz wykorzystywa\u0107 je w spos\u00f3b zr\u00f3wnowa\u017cony<\/a><\/h2>\n\n<table id=\"tablepress-14\" class=\"tablepress tablepress-id-14\">\n<tbody class=\"row-striping row-hover\">\n<tr class=\"row-1\">\n\t<td class=\"column-1\"><img loading=\"lazy\" decoding=\"async\" src=\"http:\/\/www.agenda2030.sbp.pl\/wp-content\/uploads\/2019\/09\/14-150x150.png\" alt=\"\" width=\"150\" height=\"150\" class=\"alignnone size-thumbnail wp-image-170\" \/><\/td><td class=\"column-2\"><b>Biblioteki wspieraj\u0105 ten cel poprzez<\/b>:<br \/>\n<ul><li>Promowanie trwa\u0142ego systemu wymiany i obiegu materia\u0142\u00f3w, kt\u00f3ry ogranicza marnotrawienie<\/li><li>Dost\u0119p do \u017ar\u00f3de\u0142 historycznych o zmianach obszar\u00f3w przybrze\u017cnych i u\u017cytkowania ziemi<\/li><li>Dost\u0119p do bada\u0144 naukowych i danych potrzebnych do informowania o polityce zmian klimatycznych<\/li><li>Powszechny dost\u0119p do informacji niezb\u0119dnych do podejmowania decyzji przez samorz\u0105dy lokalne i rz\u0105dy krajowe dotycz\u0105cych takich temat\u00f3w  jak \u0142owiectwo, rybo\u0142\u00f3wstwo, u\u017cytkowanie ziemi oraz zarz\u0105dzanie  zasobami wodnymi<\/li><\/ul><\/td>\n<\/tr>\n<\/tbody>\n<\/table>\n<!-- #tablepress-14 from cache -->\n<h2>Cel 15: <a href=\"http:\/\/www.un.org.pl\/cel15\" target=\"_blank\" rel=\"noopener noreferrer\">Chroni\u0107, przywr\u00f3ci\u0107 oraz promowa\u0107 zr\u00f3wnowa\u017cone u\u017cytkowanie ekosystem\u00f3w l\u0105dowych, zr\u00f3wnowa\u017cone gospodarowanie lasami, zwalcza\u0107 pustynnienie, powstrzymywa\u0107 i odwraca\u0107 proces degradacji gleby oraz powstrzyma\u0107 utrat\u0119 r\u00f3\u017cnorodno\u015bci biologicznej<\/a><\/h2>\n\n<table id=\"tablepress-15\" class=\"tablepress tablepress-id-15\">\n<tbody class=\"row-striping row-hover\">\n<tr class=\"row-1\">\n\t<td class=\"column-1\"><img loading=\"lazy\" decoding=\"async\" src=\"http:\/\/www.agenda2030.sbp.pl\/wp-content\/uploads\/2019\/09\/15-150x150.png\" alt=\"\" width=\"150\" height=\"150\" class=\"alignnone size-thumbnail wp-image-170\" \/><\/td><td class=\"column-2\"><b>Biblioteki wspieraj\u0105 ten cel poprzez<\/b>:<br \/>\n<ul><li>Promowanie trwa\u0142ego systemu wymiany i obiegu materia\u0142\u00f3w, kt\u00f3ry ogranicza marnotrawienie<\/li><li>Dost\u0119p do \u017ar\u00f3de\u0142 historycznych o zmianach obszar\u00f3w przybrze\u017cnych i u\u017cytkowania ziemi<\/li><li>Dost\u0119p do bada\u0144 naukowych i danych potrzebnych do informowania o polityce zmian klimatycznych<\/li><li>Powszechny dost\u0119p do informacji niezb\u0119dnych do podejmowania decyzji przez samorz\u0105dy lokalne i rz\u0105dy krajowe dotycz\u0105cych takich temat\u00f3w  jak \u0142owiectwo, rybo\u0142\u00f3wstwo, u\u017cytkowanie ziemi oraz zarz\u0105dzanie  zasobami wodnymi<\/li><\/ul><\/td>\n<\/tr>\n<\/tbody>\n<\/table>\n<!-- #tablepress-15 from cache -->\n<h2>Cel 16: <a href=\"http:\/\/www.un.org.pl\/cel16\" target=\"_blank\" rel=\"noopener noreferrer\">Promowa\u0107 pokojowe i inkluzywne spo\u0142ecze\u0144stwa, zapewni\u0107 wszystkim ludziom dost\u0119p do wymiaru sprawiedliwo\u015bci oraz budowa\u0107 na wszystkich szczeblach skuteczne i odpowiedzialne instytucje, sprzyjaj\u0105ce w\u0142\u0105czeniu spo\u0142ecznemu<\/a><\/h2>\n\n<table id=\"tablepress-16\" class=\"tablepress tablepress-id-16\">\n<tbody class=\"row-striping row-hover\">\n<tr class=\"row-1\">\n\t<td class=\"column-1\"><img loading=\"lazy\" decoding=\"async\" src=\"http:\/\/www.agenda2030.sbp.pl\/wp-content\/uploads\/2019\/09\/16-150x150.png\" alt=\"\" width=\"150\" height=\"150\" class=\"alignnone size-thumbnail wp-image-170\" \/><\/td><td class=\"column-2\"><b>Biblioteki wspieraj\u0105 ten cel poprzez<\/b>:<br \/>\n<ul><li>Publiczne udost\u0119pnianie informacji o parlamencie, spo\u0142ecze\u0144stwie obywatelskim i innych instytucjach<\/li><li>Szkolenia rozwijaj\u0105ce umiej\u0119tno\u015bci rozumienia i pos\u0142ugiwania si\u0119 informacj\u0105<\/li><li>Udost\u0119pnianie integracyjnej, neutralnej politycznie przestrzeni dla ludzi chc\u0105cych si\u0119 spotka\u0107 i dzia\u0142a\u0107<\/li><\/ul><\/td>\n<\/tr>\n<\/tbody>\n<\/table>\n<!-- #tablepress-16 from cache -->\n<h2>Cel 17: <a href=\"http:\/\/www.un.org.pl\/cel17\" target=\"_blank\" rel=\"noopener noreferrer\">Wzmocni\u0107 \u015brodki wdra\u017cania i o\u017cywi\u0107 globalne partnerstwo na rzecz zr\u00f3wnowa\u017conego rozwoju<\/a><\/h2>\n\n<table id=\"tablepress-17\" class=\"tablepress tablepress-id-17\">\n<tbody class=\"row-striping row-hover\">\n<tr class=\"row-1\">\n\t<td class=\"column-1\"><img loading=\"lazy\" decoding=\"async\" src=\"http:\/\/www.agenda2030.sbp.pl\/wp-content\/uploads\/2019\/09\/17-150x150.png\" alt=\"\" width=\"150\" height=\"150\" class=\"alignnone size-thumbnail wp-image-170\" \/><\/td><td class=\"column-2\"><b>Biblioteki wspieraj\u0105 ten cel poprzez<\/b>:<br \/>\n<ul><li>Uczestniczenie w globalnej sieci instytucji spo\u0142eczno\u015bci lokalnych wspieraj\u0105cych plany lokalnego rozwoju<\/li><\/ul><\/td>\n<\/tr>\n<\/tbody>\n<\/table>\n<!-- #tablepress-17 from cache -->\n<hr \/>\n<p>Wi\u0119cej informacji na <strong>&gt;&gt; <a href=\"https:\/\/www.ifla.org\/libraries-development\" target=\"_blank\" rel=\"noopener noreferrer\">www.ifla.org\/libraries-development<\/a><\/strong><\/p>\n","protected":false},"excerpt":{"rendered":"<p>Biblioteki mog\u0105 promowa\u0107 Cele Zr\u00f3wnowa\u017conego Rozwoju poprzez: realizacj\u0119 z instytucjami, organizacjami pozarz\u0105dowymi i szko\u0142ami w regionie wsp\u00f3lnych dzia\u0142a\u0144 promuj\u0105cych Cele Zr\u00f3wnowa\u017conego Rozwoju; zamieszczanie informacji o promowaniu Cel\u00f3w przez biblioteki publiczne na stronach internetowych; podkre\u015blanie w materia\u0142ach promocyjnych znaczenie konkretnych Cel\u00f3w Zr\u00f3wnowa\u017conego Rozwoju i publikowaniu ich ikon; dzielenie si\u0119 dobrymi praktykami i relacjami z wydarze\u0144 upowszechniaj\u0105cych<a class=\"moretag\" href=\"https:\/\/agenda2030.sbp.pl\/index.php\/biblioteki-na-rzecz-realizacji-agendy-2030-onz\/\"><span class=\"screen-reader-text\">Wi\u0119cej oBiblioteki na rzecz realizacji Agendy 2030 ONZ<\/span>[&#8230;]<\/a><\/p>\n","protected":false},"author":2,"featured_media":0,"parent":0,"menu_order":0,"comment_status":"closed","ping_status":"closed","template":"template-fullwidth.php","meta":{"footnotes":""},"class_list":["post-141","page","type-page","status-publish","hentry"],"_links":{"self":[{"href":"https:\/\/agenda2030.sbp.pl\/index.php\/wp-json\/wp\/v2\/pages\/141","targetHints":{"allow":["GET"]}}],"collection":[{"href":"https:\/\/agenda2030.sbp.pl\/index.php\/wp-json\/wp\/v2\/pages"}],"about":[{"href":"https:\/\/agenda2030.sbp.pl\/index.php\/wp-json\/wp\/v2\/types\/page"}],"author":[{"embeddable":true,"href":"https:\/\/agenda2030.sbp.pl\/index.php\/wp-json\/wp\/v2\/users\/2"}],"replies":[{"embeddable":true,"href":"https:\/\/agenda2030.sbp.pl\/index.php\/wp-json\/wp\/v2\/comments?post=141"}],"version-history":[{"count":21,"href":"https:\/\/agenda2030.sbp.pl\/index.php\/wp-json\/wp\/v2\/pages\/141\/revisions"}],"predecessor-version":[{"id":248,"href":"https:\/\/agenda2030.sbp.pl\/index.php\/wp-json\/wp\/v2\/pages\/141\/revisions\/248"}],"wp:attachment":[{"href":"https:\/\/agenda2030.sbp.pl\/index.php\/wp-json\/wp\/v2\/media?parent=141"}],"curies":[{"name":"wp","href":"https:\/\/api.w.org\/{rel}","templated":true}]}}